{"id":26425,"date":"2025-06-23T15:16:48","date_gmt":"2025-06-23T15:16:48","guid":{"rendered":"https:\/\/orange-partridge-492359.hostingersite.com\/?page_id=26425"},"modified":"2026-01-24T18:30:14","modified_gmt":"2026-01-24T18:30:14","slug":"_informativa_privacy","status":"publish","type":"page","link":"https:\/\/spacspac.it\/en\/_informativa_privacy\/","title":{"rendered":"Informativa Privacy agli Utenti"},"content":{"rendered":"\n<p>Spac! con sede legale in Ficulle \u2013 Via San Francesco, 1 \u2013 05016 Terni, Codice fiscale 90022250550, gestore del sito internet <a href=\"https:\/\/www.spacspac.it\/\"><strong>https:\/\/www.<\/strong><strong>spacspac.it<\/strong><\/a>(di seguito, il \u201c<strong>Sito<\/strong>\u201d), fornisce qui di seguito l\u2019informativa privacy ai sensi dell\u2019art. 13 del Regolamento UE 2016\/679\u00a0<em>relativo alla protezione delle persone fisiche con riguardo al trattamento dei dati personali<\/em>\u00a0(di seguito, \u201c<strong>Regolamento<\/strong>\u201d, il Regolamento e il Codice Privacy sono insieme definiti \u201c<strong>Normativa Applicabile<\/strong>\u201d), in qualit\u00e0 di titolare del trattamento dei dati personali degli utenti che navigano e che utilizzano i servizi presenti sul Sito (di seguito, gli \u201c<strong>Utenti<\/strong>\u201d).<\/p>\n\n\n\n<p>Per \u201ctrattamento di dati personali\u201d intendiamo \u2013 a titolo esemplificativo e non esaustivo \u2013 qualsiasi operazione o insieme di operazioni, compiute con o senza l\u2019ausilio di processi automatizzati e applicate a dati personali o insiemi di dati personali, come la raccolta, la registrazione, l\u2019organizzazione, la strutturazione, la conservazione, l\u2019adattamento o la modifica, l\u2019estrazione, la consultazione, l\u2019uso, la comunicazione mediante trasmissione, diffusione o qualsiasi altra forma di messa a disposizione, il raffronto o l\u2019interconnessione, la limitazione, la cancellazione o la distruzione.<\/p>\n\n\n\n<p>Spac! tiene nella massima considerazione il diritto alla privacy ed alla protezione dei dati personali dei propri Utenti. Per ogni informazione in relazione alla presente informativa privacy, gli Utenti possono contattare Incorso in qualsiasi momento, utilizzando i contatti indicati al successivo paragrafo 5.<\/p>\n\n\n\n<ol class=\"wp-block-list\">\n<li><strong>Finalit\u00e0 del trattamento: navigazione sul sito<\/strong><\/li>\n<\/ol>\n\n\n\n<p>I dati personali degli Utenti saranno trattati da Spac! per le seguenti finalit\u00e0 di trattamento:<\/p>\n\n\n\n<ol class=\"wp-block-list\">\n<li>obblighi contrattuali, per consentire la navigazione del Sito ovvero per dare esecuzione alle Condizioni d\u2019Uso del Sito, che sono accettate dall\u2019Utente in fase di registrazione sul Sito e adempiere a specifiche richieste dell\u2019Utente. I dati dell\u2019utente raccolti da Spac! ai fini dell\u2019eventuale registrazione sul Sito includono: il nome, il cognome e il nickname volontariamente scelto, l\u2019et\u00e0, la provincia di residenza\/domicilio, il sesso, l\u2019indirizzo e-mail, nonch\u00e9 tutte le informazioni personali dell\u2019Utente eventualmente e volontariamente pubblicate. Salvo che l\u2019Utente dia a Spac! uno specifico e facoltativo consenso al trattamento dei propri dati per finalit\u00e0 di newsletter, i dati personali dell\u2019Utente saranno utilizzati da Spac! al fine esclusivo di accertare l\u2019identit\u00e0 dell\u2019Utente (anche tramite validazione dell\u2019indirizzo di posta elettronica), evitando cos\u00ec possibili truffe o abusi, e contattare l\u2019Utente per sole ragioni di servizio (es. inviare notifiche relative ai servizi offerti sul Sito). Fermo restando quanto previsto altrove in questa informativa privacy, in nessun caso Spac! render\u00e0 accessibili agli altri Utenti e\/o a terzi i dati personali degli Utenti del sito.<\/li>\n\n\n\n<li>finalit\u00e0 amministrativo-contabili, ovvero per svolgere attivit\u00e0 di natura organizzativa, amministrativa, finanziaria e contabile, quali attivit\u00e0 organizzative interne ed attivit\u00e0 funzionali all\u2019adempimento di obblighi contrattuali e precontrattuali;<\/li>\n\n\n\n<li>obblighi di legge, ovvero per adempiere ad obblighi previsti dalla legge, da un\u2019autorit\u00e0, da un regolamento o dalla normativa europea.<\/li>\n<\/ol>\n\n\n\n<p>Il conferimento dei dati personali per le finalit\u00e0 di trattamento sopra indicate \u00e8 facoltativo ma necessario, poich\u00e9 il mancato conferimento degli stessi comporter\u00e0 l\u2019impossibilit\u00e0 per l\u2019Utente di navigare sul sito, iscriversi al Sito e usufruire dei servizi offerti tramite il Sito. I dati personali che sono necessari per il perseguimento delle finalit\u00e0 di trattamento descritte al presente paragrafo 1 sono indicati con un asterisco all\u2019interno del modulo di registrazione sul Sito.<\/p>\n\n\n\n<p>I sistemi informatici ed i programmi informatici utilizzati per il funzionamento del Sito raccolgono alcuni dati personali comuni la cui trasmissione \u00e8 implicita nell\u2019uso dei protocolli di comunicazione di internet. Ad esempio:<\/p>\n\n\n\n<ul class=\"wp-block-list\">\n<li>indirizzi IP o nomi a dominio del computer utilizzati dagli utenti che si connettono al sito, gli indirizzi <em>URL \u2013 Uniform Resource Locator<\/em> \u2013 delle risorse richieste, orario della richiesta, metodo utilizzato nel sottoporre la richiesta al server, dimensione del file ottenuto in risposta, codice numerico circa lo stato della risposta resa dal server \u2013 buon fine, errore, ecc. \u2013 ed altri parametri relativi al sistema operativo o all\u2019ambiente informatico dell\u2019utente).<\/li>\n<\/ul>\n\n\n\n<p>Bench\u00e9 si tratti si informazioni che non sono raccolte per essere associate ad interessi identificati, per loro natura potrebbero consentire, attraverso elaborazioni ed associazioni con dati detenuti da terzi, di identificare degli utenti. Tali dati sono utilizzati al solo fine di ricavare delle informazioni statistiche non associate ad alcun dato identificativo dell\u2019utente sull\u2019uso del sito e per controllarne il corretto funzionamento e vengono cancellati immediatamente dopo l\u2019elaborazione. I dati potrebbero essere utilizzati per l\u2019accertamento di responsabilit\u00e0 in caso di ipotetici reati informatici ai danni del Sito.<\/p>\n\n\n\n<ol start=\"2\" class=\"wp-block-list\">\n<li><strong>Finalit\u00e0 di trattamento: invio di newsletter<\/strong><\/li>\n<\/ol>\n\n\n\n<p>Sul Sito \u00e8 presente un format di registrazione per ricevere newsletter con informazioni sull\u2019evoluzione della legislazione sul Terzo Settore. La registrazione equivale ad un consenso libero e facoltativo dell\u2019Utente ed i suoi dati saranno usati per l\u2019invio delle newsletter.<\/p>\n\n\n\n<p>In caso di mancato consenso la possibilit\u00e0 di navigazione sul Sito non sar\u00e0 in alcun modo pregiudicata ma non sar\u00e0 possibile ricevere la newsletter. Anche in caso di consenso, l\u2019Utente potr\u00e0 in qualsiasi momento revocare lo stesso, facendone richiesta a Spac! con le modalit\u00e0 indicate al successivo paragrafo 5. L\u2019Utente potr\u00e0 inoltre opporsi facilmente ad ulteriori invii di comunicazioni informative anche esercitando il c.d.&nbsp;<em>diritto di opt-out<\/em>&nbsp;attraverso le modalit\u00e0 presenti in ogni tipologia di comunicazione. Effettuata la revoca del consenso, Incorso invier\u00e0 all\u2019Utente un messaggio di posta elettronica per confermare l\u2019avvenuta revoca del consenso.<\/p>\n\n\n\n<ol start=\"3\" class=\"wp-block-list\">\n<li><strong>Finalit\u00e0 di trattamento: iscrizione a webinar<\/strong><\/li>\n<\/ol>\n\n\n\n<p>Attraverso il sito gli Utenti potranno iscriversi e partecipare ad eventuali webinar organizzati da Spac!. L\u2019iscrizione equivale ad un consenso libero e facoltativo dell\u2019Utente ed i suoi dati saranno usati per l\u2019invio di eventuali comunicazioni inerenti al webinar.<\/p>\n\n\n\n<p>In caso di mancato consenso la possibilit\u00e0 di navigare sul Sito non sar\u00e0 in alcun modo pregiudicata ma non sar\u00e0 possibile iscriversi al webinar. Anche in caso di consenso, l\u2019Utente potr\u00e0 in qualsiasi momento revocare lo stesso, facendone richiesta a Incorso con le modalit\u00e0 indicate al successivo paragrafo 5. L\u2019Utente potr\u00e0 inoltre opporsi facilmente ad ulteriori invii di comunicazioni informative anche esercitando il c.d. diritto di <em>opt-out<\/em> attraverso le modalit\u00e0 presenti in ogni tipologia di comunicazione. Effettuata la revoca del consenso, Spac! invier\u00e0 all\u2019Utente un messaggio di posta elettronica per confermare l\u2019avvenuta revoca del consenso.<\/p>\n\n\n\n<ol start=\"4\" class=\"wp-block-list\">\n<li><strong>Modalit\u00e0 di trattamento e tempi di conservazione dei dati<\/strong><\/li>\n<\/ol>\n\n\n\n<p>Il trattamento dei dati personali degli Utenti, degli iscritti alla newsletter e degli iscritti ai webinar sar\u00e0 effettuato mediante strumenti manuali ed informatici, con logiche strettamente correlate alla finalit\u00e0 stesse e, comunque, in modo da garantire la sicurezza e la riservatezza dei dati stessi. I dati personali degli Utenti del Sito saranno conservati per i tempi strettamente necessari ad espletare le finalit\u00e0 primarie illustrate nei precedenti paragrafi 1-2-3.<\/p>\n\n\n\n<ol start=\"5\" class=\"wp-block-list\">\n<li><strong>Ambito di comunicazione e diffusione dei dati<\/strong><\/li>\n<\/ol>\n\n\n\n<p>I dati personali degli Utenti\/visitatori, degli iscritti alle newsletter, degli iscritti ai webinar saranno trattati da dipendenti e\/o collaboratori di Spac!, espressamente designati da Spac! quale \u201cpersone autorizzate al trattamento\u201d, tratteranno i dati esclusivamente per le finalit\u00e0 indicate nella presente informativa e nel rispetto delle previsioni della Normativa Applicabile. I dati non saranno diffusi.<\/p>\n\n\n\n<p>Potranno venire a conoscenza dei dati personali degli Utenti i soggetti terzi che potranno trattare dati personali per conto di Spac! in qualit\u00e0 di \u201cResponsabili esterni del trattamento\u201d, quali, a titolo esemplificativo, fornitori di servizi informatici e logistici funzionali all\u2019operativit\u00e0 del Sito, fornitori di servizi in&nbsp;<em>outsourcing<\/em>&nbsp;o&nbsp;<em>cloud computing<\/em>, fornitori di servizi di spedizione di newsletter, professionisti e consulenti.<\/p>\n\n\n\n<ol start=\"6\" class=\"wp-block-list\">\n<li><strong>Diritti degli Interessati<\/strong><\/li>\n<\/ol>\n\n\n\n<p>Nella gestione dei suoi dati personali si terr\u00e0 conto dei suoi diritti (articoli da 15 a 22 del Regolamento 2016\/679), e cio\u00e8 il diritto all\u2019accesso, alla rettifica ed alla cancellazione (diritto all\u2019oblio), alla limitazione del trattamento, all\u2019opposizione al trattamento, il diritto di proporre un reclamo al Garante Privacy.<\/p>\n\n\n\n<p>Tutti gli Utenti potranno esercitare tali diritti contattando Spac!, Via San Francesco 1<em> \u2013 05016 Ficulle.  E-mail: info<\/em><a href=\"mailto:segreteria@csvnet.it\"><em>@spacspac.it<\/em><\/a><em>.<\/em><\/p>\n","protected":false},"excerpt":{"rendered":"<p>Spac! con sede legale in Ficulle \u2013 Via San Francesco, 1 \u2013 05016 Terni, Codice fiscale 90022250550, gestore del sito internet https:\/\/www.spacspac.it(di seguito, il \u201cSito\u201d), fornisce qui di seguito l\u2019informativa privacy ai sensi dell\u2019art. 13 del Regolamento UE 2016\/679\u00a0relativo alla protezione delle persone fisiche con riguardo al trattamento dei dati personali\u00a0(di seguito, \u201cRegolamento\u201d, il Regolamento [&hellip;]<\/p>\n","protected":false},"author":1,"featured_media":0,"parent":0,"menu_order":0,"comment_status":"closed","ping_status":"closed","template":"","meta":{"_uag_custom_page_level_css":"","site-sidebar-layout":"default","site-content-layout":"","ast-site-content-layout":"default","site-content-style":"default","site-sidebar-style":"default","ast-global-header-display":"","ast-banner-title-visibility":"","ast-main-header-display":"","ast-hfb-above-header-display":"","ast-hfb-below-header-display":"","ast-hfb-mobile-header-display":"","site-post-title":"","ast-breadcrumbs-content":"","ast-featured-img":"","footer-sml-layout":"","ast-disable-related-posts":"","theme-transparent-header-meta":"","adv-header-id-meta":"","stick-header-meta":"","header-above-stick-meta":"","header-main-stick-meta":"","header-below-stick-meta":"","astra-migrate-meta-layouts":"set","ast-page-background-enabled":"default","ast-page-background-meta":{"desktop":{"background-color":"","background-image":"","background-repeat":"repeat","background-position":"center center","background-size":"auto","background-attachment":"scroll","background-type":"","background-media":"","overlay-type":"","overlay-color":"","overlay-opacity":"","overlay-gradient":""},"tablet":{"background-color":"","background-image":"","background-repeat":"repeat","background-position":"center center","background-size":"auto","background-attachment":"scroll","background-type":"","background-media":"","overlay-type":"","overlay-color":"","overlay-opacity":"","overlay-gradient":""},"mobile":{"background-color":"","background-image":"","background-repeat":"repeat","background-position":"center center","background-size":"auto","background-attachment":"scroll","background-type":"","background-media":"","overlay-type":"","overlay-color":"","overlay-opacity":"","overlay-gradient":""}},"ast-content-background-meta":{"desktop":{"background-color":"var(--ast-global-color-5)","background-image":"","background-repeat":"repeat","background-position":"center center","background-size":"auto","background-attachment":"scroll","background-type":"","background-media":"","overlay-type":"","overlay-color":"","overlay-opacity":"","overlay-gradient":""},"tablet":{"background-color":"var(--ast-global-color-5)","background-image":"","background-repeat":"repeat","background-position":"center center","background-size":"auto","background-attachment":"scroll","background-type":"","background-media":"","overlay-type":"","overlay-color":"","overlay-opacity":"","overlay-gradient":""},"mobile":{"background-color":"var(--ast-global-color-5)","background-image":"","background-repeat":"repeat","background-position":"center center","background-size":"auto","background-attachment":"scroll","background-type":"","background-media":"","overlay-type":"","overlay-color":"","overlay-opacity":"","overlay-gradient":""}},"footnotes":""},"class_list":["post-26425","page","type-page","status-publish","hentry"],"_hostinger_reach_plugin_has_subscription_block":false,"_hostinger_reach_plugin_is_elementor":false,"uagb_featured_image_src":{"full":false,"thumbnail":false,"medium":false,"medium_large":false,"large":false,"1536x1536":false,"2048x2048":false},"uagb_author_info":{"display_name":"filippo.taglieri@gmail.com","author_link":"https:\/\/spacspac.it\/en\/author\/filippo-taglierigmail-com\/"},"uagb_comment_info":0,"uagb_excerpt":"Spac! con sede legale in Ficulle \u2013 Via San Francesco, 1 \u2013 05016 Terni, Codice fiscale 90022250550, gestore del sito internet https:\/\/www.spacspac.it(di seguito, il \u201cSito\u201d), fornisce qui di seguito l\u2019informativa privacy ai sensi dell\u2019art. 13 del Regolamento UE 2016\/679\u00a0relativo alla protezione delle persone fisiche con riguardo al trattamento dei dati personali\u00a0(di seguito, \u201cRegolamento\u201d, il Regolamento&hellip;","_links":{"self":[{"href":"https:\/\/spacspac.it\/en\/wp-json\/wp\/v2\/pages\/26425","targetHints":{"allow":["GET"]}}],"collection":[{"href":"https:\/\/spacspac.it\/en\/wp-json\/wp\/v2\/pages"}],"about":[{"href":"https:\/\/spacspac.it\/en\/wp-json\/wp\/v2\/types\/page"}],"author":[{"embeddable":true,"href":"https:\/\/spacspac.it\/en\/wp-json\/wp\/v2\/users\/1"}],"replies":[{"embeddable":true,"href":"https:\/\/spacspac.it\/en\/wp-json\/wp\/v2\/comments?post=26425"}],"version-history":[{"count":6,"href":"https:\/\/spacspac.it\/en\/wp-json\/wp\/v2\/pages\/26425\/revisions"}],"predecessor-version":[{"id":26908,"href":"https:\/\/spacspac.it\/en\/wp-json\/wp\/v2\/pages\/26425\/revisions\/26908"}],"wp:attachment":[{"href":"https:\/\/spacspac.it\/en\/wp-json\/wp\/v2\/media?parent=26425"}],"curies":[{"name":"wp","href":"https:\/\/api.w.org\/{rel}","templated":true}]}}